{"id":8,"date":"2025-10-12T18:21:11","date_gmt":"2025-10-12T16:21:11","guid":{"rendered":"https:\/\/pocasi.ultimweb.cz\/?page_id=8"},"modified":"2025-10-12T18:37:11","modified_gmt":"2025-10-12T16:37:11","slug":"web","status":"publish","type":"page","link":"https:\/\/pocasi.ultimweb.cz\/","title":{"rendered":"web"},"content":{"rendered":"\t\t<div data-elementor-type=\"wp-page\" data-elementor-id=\"8\" class=\"elementor elementor-8\">\n\t\t\t\t<div class=\"elementor-element elementor-element-2af24f1 e-flex e-con-boxed e-con e-parent\" data-id=\"2af24f1\" data-element_type=\"container\">\n\t\t\t\t\t<div class=\"e-con-inner\">\n\t\t<div class=\"elementor-element elementor-element-8d5fb90 e-con-full e-flex e-con e-child\" data-id=\"8d5fb90\" data-element_type=\"container\">\n\t\t\t\t<div class=\"elementor-element elementor-element-039a676 elementor-widget elementor-widget-html\" data-id=\"039a676\" data-element_type=\"widget\" data-widget_type=\"html.default\">\n\t\t\t\t\t<div class=\"theme-toggle\">\r\n  <span id=\"theme-icon\">\ud83c\udf19<\/span>\r\n<\/div>\r\n\t\t\t\t<\/div>\n\t\t\t\t<\/div>\n\t\t\t\t<div class=\"elementor-element elementor-element-691f953 elementor-widget elementor-widget-heading\" data-id=\"691f953\" data-element_type=\"widget\" data-widget_type=\"heading.default\">\n\t\t\t\t\t<h2 class=\"elementor-heading-title elementor-size-default\">Hoj Mar\u0165o! <br>\n\u010cu\u010d\u00ed\u0161, co? <br>\nJ\u00e1 taky<\/h2>\t\t\t\t<\/div>\n\t\t\t\t\t<\/div>\n\t\t\t\t<\/div>\n\t\t<div class=\"elementor-element elementor-element-de53ff5 e-flex e-con-boxed e-con e-parent\" data-id=\"de53ff5\" data-element_type=\"container\">\n\t\t\t\t\t<div class=\"e-con-inner\">\n\t\t\t\t<div class=\"elementor-element elementor-element-685fc9e elementor-widget elementor-widget-html\" data-id=\"685fc9e\" data-element_type=\"widget\" data-widget_type=\"html.default\">\n\t\t\t\t\t<script>\r\n  const icon = document.getElementById('theme-icon');\r\n  const body = document.body;\r\n\r\n  if (localStorage.getItem('theme') === 'dark') {\r\n    body.classList.add('dark-mode');\r\n    icon.textContent = '\u2600\ufe0f';\r\n  }\r\n\r\n  icon.addEventListener('click', () => {\r\n    body.classList.toggle('dark-mode');\r\n    const darkMode = body.classList.contains('dark-mode');\r\n    icon.textContent = darkMode ? '\u2600\ufe0f' : '\ud83c\udf19';\r\n    localStorage.setItem('theme', darkMode ? 'dark' : 'light');\r\n  });\r\n<\/script>\r\n\t\t\t\t<\/div>\n\t\t\t\t\t<\/div>\n\t\t\t\t<\/div>\n\t\t\t\t<\/div>\n\t\t","protected":false},"excerpt":{"rendered":"<p>\ud83c\udf19 Hoj Mar\u0165o! \u010cu\u010d\u00ed\u0161, co? J\u00e1 taky<\/p>\n","protected":false},"author":1,"featured_media":0,"parent":0,"menu_order":0,"comment_status":"closed","ping_status":"closed","template":"elementor_header_footer","meta":{"footnotes":""},"class_list":["post-8","page","type-page","status-publish","hentry"],"_links":{"self":[{"href":"https:\/\/pocasi.ultimweb.cz\/index.php?rest_route=\/wp\/v2\/pages\/8","targetHints":{"allow":["GET"]}}],"collection":[{"href":"https:\/\/pocasi.ultimweb.cz\/index.php?rest_route=\/wp\/v2\/pages"}],"about":[{"href":"https:\/\/pocasi.ultimweb.cz\/index.php?rest_route=\/wp\/v2\/types\/page"}],"author":[{"embeddable":true,"href":"https:\/\/pocasi.ultimweb.cz\/index.php?rest_route=\/wp\/v2\/users\/1"}],"replies":[{"embeddable":true,"href":"https:\/\/pocasi.ultimweb.cz\/index.php?rest_route=%2Fwp%2Fv2%2Fcomments&post=8"}],"version-history":[{"count":16,"href":"https:\/\/pocasi.ultimweb.cz\/index.php?rest_route=\/wp\/v2\/pages\/8\/revisions"}],"predecessor-version":[{"id":33,"href":"https:\/\/pocasi.ultimweb.cz\/index.php?rest_route=\/wp\/v2\/pages\/8\/revisions\/33"}],"wp:attachment":[{"href":"https:\/\/pocasi.ultimweb.cz\/index.php?rest_route=%2Fwp%2Fv2%2Fmedia&parent=8"}],"curies":[{"name":"wp","href":"https:\/\/api.w.org\/{rel}","templated":true}]}}